{"id":24,"date":"2014-08-23T17:06:00","date_gmt":"2014-08-23T15:06:00","guid":{"rendered":"http:\/\/staratnight.de\/blog\/?page_id=24"},"modified":"2025-05-31T14:32:09","modified_gmt":"2025-05-31T12:32:09","slug":"24-2","status":"publish","type":"page","link":"https:\/\/staratnight.de\/blog\/24-2\/","title":{"rendered":"\u00dcber mich"},"content":{"rendered":"<h2>Wer ich bin<\/h2>\n<p>Mein Name ist Torsten. Ich bin 1976 in der N\u00e4he von Aachen geboren und lebe noch dort.<\/p>\n<h2>Was ich gelernt habe<\/h2>\n<p>Nach meinem Abitur (und der nicht vermeidbaren Wehrpflicht) habe ich eine Ausbildung zum <em>IT Fachinformatiker &#8211; Anwendungsentwicklung<\/em> gemacht und erfolgreich abgeschlossen. Danach habe habe ich in meinem Ausbildungsbetrieb (einem mittelst\u00e4ndischen Softwareunternehmen) gearbeitet und habe dort verschiedenste Aufgaben \u00fcbernommen.<\/p>\n<ol>\n<li>Projekte und technischen Support<\/li>\n<li>Software-Entwicklung in RPG (eine spezielle Sprache von IBM) und Java<\/li>\n<li>operative Aufgaben im Bereich Qualit\u00e4tsmanagement<\/li>\n<li>Erstellung von Usability-Konzepten<\/li>\n<li>Einf\u00fchrung und Betreuung eines automatisierten Deploymentsystems auf Basis von Maven, Nexus und Jenkins<\/li>\n<li>Einf\u00fchren diverser angepasster, agiler Entwicklungsmethoden (Scrum \/ Lean \/ XP \/ Kanban) in den Rollen Scrum Master, Product Owner, Developer, Agile Coach<\/li>\n<\/ol>\n<p>\u00a0<\/p>\n<p>In Meiner Freizeit habe ich mich dann mit .Net und hier in erster Linie mit C# auseinandergesetzt und autodidaktisch gelernt. Immer mal wieder habe ich mich mit der Spieleentwicklung besch\u00e4ftigt. Zun\u00e4chst mit C++ und DirectX, sp\u00e4ter dann mit C# und XNA. Die meisten Projekte (eigentlich alle bis auf ein Bejeweled Klon) haben es leider nie in den Status &#8222;Fertig&#8220; geschafft.<\/p>\n<p>Von M\u00e4rz 2015 &#8211; etwa August 2018 habe ich gemeinsam mit meinem besten Freund Michael Artikel in einem Blog \u00fcber Prinzipien der Softwareentwicklung geschrieben: <a href=\"https:\/\/invidit.de\/blog\/\" target=\"_blank\" rel=\"noopener noreferrer\">https:\/\/invidit.de\/blog\/<\/a><\/p>\n<p>Seit Januar 2021 bin ich als Agility Master und Agile Coach bei der Gothaer Solutions GmbH &#8211; dem IT-Dienstleister des BarmeniaGothaer Versicherungskonzerns &#8211; aktiv. Hier liegt mein Fokus darauf, den Konzern beim Weg in die Agilit\u00e4t zu unterst\u00fctzen. In dem Rahmen habe ich auch eine Ausbildung zum Generativen Prozessbegleiter gemacht.<\/p>\n<p>\u00a0<\/p>\n<h2>Was mich derzeit interessiert<\/h2>\n<p>Ich <del>entwickle<\/del>\u00a0versuche nicht nur Spiele zu entwickeln, sondern spiele auch selbst gern. Dabei geht die meiste Zeit mit <em>World of Warcraft<\/em> drauf. \u00dcber 15 Jahre spiele ich nun und das Spiel lies mich lange nicht los. Es ist eine faszinierende Welt mit spannenden Geschichten und einem tollen Spieldesign. Aber nach der Kampagne von Shadowlands war die Luft raus. Ich spiele aber auch aktiv <em>Hearthstone<\/em> und bastel immer mal wieder an meiner Fabrik in <em>Satisfactory<\/em><em>. <\/em>Weitere Spiele, die mich einige Zeit fesseln konnten:<\/p>\n<ul>\n<li>World of Warcraft (seit 2004 &#8211; 2021)<\/li>\n<li>Mass Effect (1-3)<\/li>\n<li>The Witcher (1-3)<\/li>\n<li>Tomb Raider (1-3)<\/li>\n<li>Adventure von Deadelic (vor allem Deponia!)<\/li>\n<li>Minecraft und Eco (vor allem im Multiplayer mit meinem besten Freund)<\/li>\n<li>Path of Exile, GTA4 und 5, diverse Need for Speed, Half Life, Portal, Grim Dawn, Wolcen<\/li>\n<li>und immer mal wieder was Neues, was mich dann mehr oder weniger lang vom Alltag ablenkt<\/li>\n<\/ul>\n<p>Dar\u00fcber hinaus bin ich derzeit sehr interessiert am <em>agile Development<\/em>, allem voran Scrum und wie man dies in ein klassisch aufgestellten Unternehmen integrieren kann. Ich probiere mich aktuell ein wenig an Godot. Dar\u00fcber hinaus interessiert mich alles, mit dem man Code besser schreiben und besser testen kann.<\/p>\n\n","protected":false},"excerpt":{"rendered":"<p>Wer ich bin Mein Name ist Torsten. Ich bin 1976 in der N\u00e4he von Aachen geboren und lebe noch dort. Was ich gelernt&hellip;<\/p>\n","protected":false},"author":2,"featured_media":19,"parent":0,"menu_order":0,"comment_status":"closed","ping_status":"closed","template":"","meta":{"footnotes":""},"class_list":["post-24","page","type-page","status-publish","has-post-thumbnail","hentry"],"_links":{"self":[{"href":"https:\/\/staratnight.de\/blog\/wp-json\/wp\/v2\/pages\/24","targetHints":{"allow":["GET"]}}],"collection":[{"href":"https:\/\/staratnight.de\/blog\/wp-json\/wp\/v2\/pages"}],"about":[{"href":"https:\/\/staratnight.de\/blog\/wp-json\/wp\/v2\/types\/page"}],"author":[{"embeddable":true,"href":"https:\/\/staratnight.de\/blog\/wp-json\/wp\/v2\/users\/2"}],"replies":[{"embeddable":true,"href":"https:\/\/staratnight.de\/blog\/wp-json\/wp\/v2\/comments?post=24"}],"version-history":[{"count":13,"href":"https:\/\/staratnight.de\/blog\/wp-json\/wp\/v2\/pages\/24\/revisions"}],"predecessor-version":[{"id":567,"href":"https:\/\/staratnight.de\/blog\/wp-json\/wp\/v2\/pages\/24\/revisions\/567"}],"wp:featuredmedia":[{"embeddable":true,"href":"https:\/\/staratnight.de\/blog\/wp-json\/wp\/v2\/media\/19"}],"wp:attachment":[{"href":"https:\/\/staratnight.de\/blog\/wp-json\/wp\/v2\/media?parent=24"}],"curies":[{"name":"wp","href":"https:\/\/api.w.org\/{rel}","templated":true}]}}