{"id":27,"date":"2014-08-23T17:07:04","date_gmt":"2014-08-23T15:07:04","guid":{"rendered":"http:\/\/staratnight.de\/blog\/?page_id=27"},"modified":"2018-12-03T00:38:53","modified_gmt":"2018-12-02T22:38:53","slug":"ueber-diesen-blog","status":"publish","type":"page","link":"https:\/\/staratnight.de\/blog\/ueber-diesen-blog\/","title":{"rendered":"\u00dcber diesen Blog"},"content":{"rendered":"<h2>Wozu dieser Blog dient<\/h2>\n<p>Dieser Blog ist entstanden, weil ich zum wiederholten Male etwas vergessen hatte. Nicht in der Form, vergessen die Katze zu f\u00fcttern oder den Rasen zu sprengen, sondern dass ich etwas tun wollte, was ich einige Monate zuvor bereits einmal getan hatte, nun aber nicht mehr wusste, wie das geht.<\/p>\n<p><strong>Ein Beispiel:<\/strong><\/p>\n<address><span style=\"color: #c0c0c0;\">Ich habe in meiner Freizeit f\u00fcr die Firma ein kleines Tool in C# geschrieben, mit dem man einen Tomcat \u00fcber eine Web-Oberfl\u00e4che starten und stoppen kann. Dieses Tool habe ich auf einem Server mit IIS8 installiert.<\/span><\/address>\n<address><span style=\"color: #c0c0c0;\">Ca. 4 Monate sp\u00e4ter habe ich\u00a0in dem Tool ein paar kleinere Fehler behoben und die Darstellung nach dem Feedback der Nutzer verbessert.\u00a0<\/span><\/address>\n<address><span style=\"color: #c0c0c0;\">Ich kann die neue Version aber nicht mehr auf dem Server mit dem IIS installieren&#8230;ich wei\u00df nicht mehr wie es geht. Nach ca. 30 Minuten googlen habe ich es aufgegeben.<\/span><\/address>\n<p>&nbsp;<\/p>\n<p>Damit mir das nicht mehr passiert, habe ich diesen Blog angefangen.<\/p>\n<p><strong>Der Blog\u00a0ist also in erster Linie von mir f\u00fcr mich selbst.<\/strong><\/p>\n<p>Ich werde hin und wieder aber (aus meiner Sicht) spannende Artikel ver\u00f6ffentlichen, vielleicht kann ich damit ja dem einen oder anderen helfen, die gleichen Probleme zu l\u00f6sen, die ich hatte.<\/p>\n<p>Wenn sich hier also wenig tut, dann habe ich gerade entweder nichts aufgeschrieben oder es ist nicht gut\/allgemein genug, dass ich es ver\u00f6ffentlichen kann.<\/p>\n<p>F\u00fcr\u00a0Feedback zum Blog oder meinen Artikeln bin\u00a0ich\u00a0jederzeit dankbar. Ich freu mich nat\u00fcrlich am meisten \u00fcber konstruktive Kritik \ud83d\ude09<\/p>\n","protected":false},"excerpt":{"rendered":"<p>Wozu dieser Blog dient Dieser Blog ist entstanden, weil ich zum wiederholten Male etwas vergessen hatte. Nicht in der Form, vergessen die Katze&hellip;<\/p>\n","protected":false},"author":2,"featured_media":395,"parent":0,"menu_order":0,"comment_status":"closed","ping_status":"closed","template":"","meta":{"footnotes":""},"class_list":["post-27","page","type-page","status-publish","has-post-thumbnail","hentry"],"_links":{"self":[{"href":"https:\/\/staratnight.de\/blog\/wp-json\/wp\/v2\/pages\/27","targetHints":{"allow":["GET"]}}],"collection":[{"href":"https:\/\/staratnight.de\/blog\/wp-json\/wp\/v2\/pages"}],"about":[{"href":"https:\/\/staratnight.de\/blog\/wp-json\/wp\/v2\/types\/page"}],"author":[{"embeddable":true,"href":"https:\/\/staratnight.de\/blog\/wp-json\/wp\/v2\/users\/2"}],"replies":[{"embeddable":true,"href":"https:\/\/staratnight.de\/blog\/wp-json\/wp\/v2\/comments?post=27"}],"version-history":[{"count":1,"href":"https:\/\/staratnight.de\/blog\/wp-json\/wp\/v2\/pages\/27\/revisions"}],"predecessor-version":[{"id":28,"href":"https:\/\/staratnight.de\/blog\/wp-json\/wp\/v2\/pages\/27\/revisions\/28"}],"wp:featuredmedia":[{"embeddable":true,"href":"https:\/\/staratnight.de\/blog\/wp-json\/wp\/v2\/media\/395"}],"wp:attachment":[{"href":"https:\/\/staratnight.de\/blog\/wp-json\/wp\/v2\/media?parent=27"}],"curies":[{"name":"wp","href":"https:\/\/api.w.org\/{rel}","templated":true}]}}